{"id":8290,"date":"2020-02-05T13:19:40","date_gmt":"2020-02-05T12:19:40","guid":{"rendered":"https:\/\/www.confluences.be\/gite-ardennes\/"},"modified":"2020-02-21T18:11:12","modified_gmt":"2020-02-21T17:11:12","slug":"ardennen-gites","status":"publish","type":"page","link":"https:\/\/www.confluences.be\/nl\/ardennen-gites\/","title":{"rendered":"Een huisje aan de poorten van de Belgische Ardennen voor 8 personen"},"content":{"rendered":"<p><section class=\"ffb-id-3odcva2v fg-section fg-text-dark\"><div class=\"fg-container container fg-container-large fg-container-lvl--1 \"><div class=\"fg-row row    \" ><div class=\"ffb-id-3odcva30 fg-col col-xs-12 col-md-12 fg-text-dark\"><img decoding=\"async\" class=\"ffb-id-3odcvdae fg-image  img-responsive full-width fg-text-dark\" src=\"https:\/\/www.confluences.be\/wp-content\/uploads\/2013\/11\/gite-ardennes.jpg\" alt=\"gite-ardennes\"><\/div><\/div><\/div><\/section><style>.ffb-id-3odcva2v{ margin-bottom: 100px;}<\/style><script type=\"text\/javascript\"><\/script><section class=\"ffb-id-3odhv6in fg-section fg-text-dark\"><div class=\"fg-container container fg-container-large fg-container-lvl--1 \"><div class=\"fg-row row    \" ><div class=\"ffb-id-3odhv6io fg-col col-xs-12 col-md-12 fg-text-dark\"><div class=\"ffb-id-3odhvimu fg-paragraph ff-richtext text-left    fg-text-dark\"><\/p>\n<h3><span style=\"font-size: 16.38px\">Landelijk vakantiehuis 8 personen &laquo; Aan de voet van de wallen &raquo;<\/span><\/h3>\n<p>&nbsp;<\/p>\n<p><b>Voor informatie en reservering : &nbsp;&nbsp;<\/b><a href=\"http:\/\/www.legitedesremparts.be\"><b>www.legitedesremparts.be<\/b><\/a><\/p>\n<p><\/div><\/div><\/div><\/div><\/section><style>.ffb-id-3odcva2v{ \nmargin-bottom: 100px;\n\n}\n.ffb-id-3odhv6in > .fg-container > .fg-row{ margin-left:-50px;margin-right:-50px;}.ffb-id-3odhv6in > .fg-container  > .fg-row > .fg-col{ padding-left:50px;padding-right:50px}.ffb-id-3odhv6in{ margin-bottom: 100px;}.ffb-id-3odhvimu{ font-family: 'Lora', Arial, sans-serif !important;}.ffb-id-3odhvimu:before,.ffb-id-3odhvimu:after,.ffb-id-3odhvimu:hover,.ffb-id-3odhvimu:focus,.ffb-id-3odhvimu *,.ffb-id-3odhvimu *:before,.ffb-id-3odhvimu *:after,.ffb-id-3odhvimu *:hover,.ffb-id-3odhvimu *:focus{ font-family: 'Lora', Arial, sans-serif !important;}<\/style><script type=\"text\/javascript\"><\/script><\/p>\n","protected":false},"excerpt":{"rendered":"","protected":false},"author":1,"featured_media":7288,"parent":0,"menu_order":0,"comment_status":"closed","ping_status":"closed","template":"","meta":{"_acf_changed":false,"footnotes":""},"class_list":["post-8290","page","type-page","status-publish","has-post-thumbnail","hentry","post-wrapper"],"acf":[],"yoast_head":"<!-- This site is optimized with the Yoast SEO plugin v27.4 - https:\/\/yoast.com\/product\/yoast-seo-wordpress\/ -->\n<title>Een huisje aan de poorten van de Belgische Ardennen voor 8 personen - Confluences<\/title>\n<meta name=\"description\" content=\"Huur van een huisje met een capaciteit van 8 personen, aan de poorten van de Belgische Ardennen, op slechts een paar km van de meren van Eau d&#039;Heure, Namen, Charleroi\" \/>\n<meta name=\"robots\" content=\"index, follow, max-snippet:-1, max-image-preview:large, max-video-preview:-1\" \/>\n<link rel=\"canonical\" href=\"https:\/\/www.confluences.be\/nl\/ardennen-gites\/\" \/>\n<meta property=\"og:locale\" content=\"nl_NL\" \/>\n<meta property=\"og:type\" content=\"article\" \/>\n<meta property=\"og:title\" content=\"Een huisje aan de poorten van de Belgische Ardennen voor 8 personen - Confluences\" \/>\n<meta property=\"og:description\" content=\"Huur van een huisje met een capaciteit van 8 personen, aan de poorten van de Belgische Ardennen, op slechts een paar km van de meren van Eau d&#039;Heure, Namen, Charleroi\" \/>\n<meta property=\"og:url\" content=\"https:\/\/www.confluences.be\/nl\/ardennen-gites\/\" \/>\n<meta property=\"og:site_name\" content=\"Confluences\" \/>\n<meta property=\"article:modified_time\" content=\"2020-02-21T17:11:12+00:00\" \/>\n<meta property=\"og:image\" content=\"https:\/\/www.confluences.be\/wp-content\/uploads\/2014\/01\/Confluences-Photo-7format-internet.jpg\" \/>\n\t<meta property=\"og:image:width\" content=\"475\" \/>\n\t<meta property=\"og:image:height\" content=\"317\" \/>\n\t<meta property=\"og:image:type\" content=\"image\/jpeg\" \/>\n<meta name=\"twitter:card\" content=\"summary_large_image\" \/>\n<meta name=\"twitter:label1\" content=\"Geschatte leestijd\" \/>\n\t<meta name=\"twitter:data1\" content=\"3 minuten\" \/>\n<script type=\"application\/ld+json\" class=\"yoast-schema-graph\">{\"@context\":\"https:\\\/\\\/schema.org\",\"@graph\":[{\"@type\":\"WebPage\",\"@id\":\"https:\\\/\\\/www.confluences.be\\\/nl\\\/ardennen-gites\\\/\",\"url\":\"https:\\\/\\\/www.confluences.be\\\/nl\\\/ardennen-gites\\\/\",\"name\":\"Een huisje aan de poorten van de Belgische Ardennen voor 8 personen - Confluences\",\"isPartOf\":{\"@id\":\"https:\\\/\\\/www.confluences.be\\\/#website\"},\"primaryImageOfPage\":{\"@id\":\"https:\\\/\\\/www.confluences.be\\\/nl\\\/ardennen-gites\\\/#primaryimage\"},\"image\":{\"@id\":\"https:\\\/\\\/www.confluences.be\\\/nl\\\/ardennen-gites\\\/#primaryimage\"},\"thumbnailUrl\":\"https:\\\/\\\/www.confluences.be\\\/wp-content\\\/uploads\\\/2014\\\/01\\\/Confluences-Photo-7format-internet.jpg\",\"datePublished\":\"2020-02-05T12:19:40+00:00\",\"dateModified\":\"2020-02-21T17:11:12+00:00\",\"description\":\"Huur van een huisje met een capaciteit van 8 personen, aan de poorten van de Belgische Ardennen, op slechts een paar km van de meren van Eau d'Heure, Namen, Charleroi\",\"breadcrumb\":{\"@id\":\"https:\\\/\\\/www.confluences.be\\\/nl\\\/ardennen-gites\\\/#breadcrumb\"},\"inLanguage\":\"nl-NL\",\"potentialAction\":[{\"@type\":\"ReadAction\",\"target\":[\"https:\\\/\\\/www.confluences.be\\\/nl\\\/ardennen-gites\\\/\"]}]},{\"@type\":\"ImageObject\",\"inLanguage\":\"nl-NL\",\"@id\":\"https:\\\/\\\/www.confluences.be\\\/nl\\\/ardennen-gites\\\/#primaryimage\",\"url\":\"https:\\\/\\\/www.confluences.be\\\/wp-content\\\/uploads\\\/2014\\\/01\\\/Confluences-Photo-7format-internet.jpg\",\"contentUrl\":\"https:\\\/\\\/www.confluences.be\\\/wp-content\\\/uploads\\\/2014\\\/01\\\/Confluences-Photo-7format-internet.jpg\",\"width\":475,\"height\":317,\"caption\":\"G\u00eete Au pied des remparts dans le ruelle m\u00e9di\u00e9vale\"},{\"@type\":\"BreadcrumbList\",\"@id\":\"https:\\\/\\\/www.confluences.be\\\/nl\\\/ardennen-gites\\\/#breadcrumb\",\"itemListElement\":[{\"@type\":\"ListItem\",\"position\":1,\"name\":\"Accueil\",\"item\":\"https:\\\/\\\/www.confluences.be\\\/nl\\\/\"},{\"@type\":\"ListItem\",\"position\":2,\"name\":\"Een huisje aan de poorten van de Belgische Ardennen voor 8 personen\"}]},{\"@type\":\"WebSite\",\"@id\":\"https:\\\/\\\/www.confluences.be\\\/#website\",\"url\":\"https:\\\/\\\/www.confluences.be\\\/\",\"name\":\"Confluences\",\"description\":\"Gastenkamers in de Belgische Ardennen\",\"publisher\":{\"@id\":\"https:\\\/\\\/www.confluences.be\\\/#organization\"},\"potentialAction\":[{\"@type\":\"SearchAction\",\"target\":{\"@type\":\"EntryPoint\",\"urlTemplate\":\"https:\\\/\\\/www.confluences.be\\\/?s={search_term_string}\"},\"query-input\":{\"@type\":\"PropertyValueSpecification\",\"valueRequired\":true,\"valueName\":\"search_term_string\"}}],\"inLanguage\":\"nl-NL\"},{\"@type\":\"Organization\",\"@id\":\"https:\\\/\\\/www.confluences.be\\\/#organization\",\"name\":\"Confluences\",\"url\":\"https:\\\/\\\/www.confluences.be\\\/\",\"logo\":{\"@type\":\"ImageObject\",\"inLanguage\":\"nl-NL\",\"@id\":\"https:\\\/\\\/www.confluences.be\\\/#\\\/schema\\\/logo\\\/image\\\/\",\"url\":\"\",\"contentUrl\":\"\",\"caption\":\"Confluences\"},\"image\":{\"@id\":\"https:\\\/\\\/www.confluences.be\\\/#\\\/schema\\\/logo\\\/image\\\/\"}}]}<\/script>\n<!-- \/ Yoast SEO plugin. -->","yoast_head_json":{"title":"Een huisje aan de poorten van de Belgische Ardennen voor 8 personen - Confluences","description":"Huur van een huisje met een capaciteit van 8 personen, aan de poorten van de Belgische Ardennen, op slechts een paar km van de meren van Eau d'Heure, Namen, Charleroi","robots":{"index":"index","follow":"follow","max-snippet":"max-snippet:-1","max-image-preview":"max-image-preview:large","max-video-preview":"max-video-preview:-1"},"canonical":"https:\/\/www.confluences.be\/nl\/ardennen-gites\/","og_locale":"nl_NL","og_type":"article","og_title":"Een huisje aan de poorten van de Belgische Ardennen voor 8 personen - Confluences","og_description":"Huur van een huisje met een capaciteit van 8 personen, aan de poorten van de Belgische Ardennen, op slechts een paar km van de meren van Eau d'Heure, Namen, Charleroi","og_url":"https:\/\/www.confluences.be\/nl\/ardennen-gites\/","og_site_name":"Confluences","article_modified_time":"2020-02-21T17:11:12+00:00","og_image":[{"width":475,"height":317,"url":"https:\/\/www.confluences.be\/wp-content\/uploads\/2014\/01\/Confluences-Photo-7format-internet.jpg","type":"image\/jpeg"}],"twitter_card":"summary_large_image","twitter_misc":{"Geschatte leestijd":"3 minuten"},"schema":{"@context":"https:\/\/schema.org","@graph":[{"@type":"WebPage","@id":"https:\/\/www.confluences.be\/nl\/ardennen-gites\/","url":"https:\/\/www.confluences.be\/nl\/ardennen-gites\/","name":"Een huisje aan de poorten van de Belgische Ardennen voor 8 personen - Confluences","isPartOf":{"@id":"https:\/\/www.confluences.be\/#website"},"primaryImageOfPage":{"@id":"https:\/\/www.confluences.be\/nl\/ardennen-gites\/#primaryimage"},"image":{"@id":"https:\/\/www.confluences.be\/nl\/ardennen-gites\/#primaryimage"},"thumbnailUrl":"https:\/\/www.confluences.be\/wp-content\/uploads\/2014\/01\/Confluences-Photo-7format-internet.jpg","datePublished":"2020-02-05T12:19:40+00:00","dateModified":"2020-02-21T17:11:12+00:00","description":"Huur van een huisje met een capaciteit van 8 personen, aan de poorten van de Belgische Ardennen, op slechts een paar km van de meren van Eau d'Heure, Namen, Charleroi","breadcrumb":{"@id":"https:\/\/www.confluences.be\/nl\/ardennen-gites\/#breadcrumb"},"inLanguage":"nl-NL","potentialAction":[{"@type":"ReadAction","target":["https:\/\/www.confluences.be\/nl\/ardennen-gites\/"]}]},{"@type":"ImageObject","inLanguage":"nl-NL","@id":"https:\/\/www.confluences.be\/nl\/ardennen-gites\/#primaryimage","url":"https:\/\/www.confluences.be\/wp-content\/uploads\/2014\/01\/Confluences-Photo-7format-internet.jpg","contentUrl":"https:\/\/www.confluences.be\/wp-content\/uploads\/2014\/01\/Confluences-Photo-7format-internet.jpg","width":475,"height":317,"caption":"G\u00eete Au pied des remparts dans le ruelle m\u00e9di\u00e9vale"},{"@type":"BreadcrumbList","@id":"https:\/\/www.confluences.be\/nl\/ardennen-gites\/#breadcrumb","itemListElement":[{"@type":"ListItem","position":1,"name":"Accueil","item":"https:\/\/www.confluences.be\/nl\/"},{"@type":"ListItem","position":2,"name":"Een huisje aan de poorten van de Belgische Ardennen voor 8 personen"}]},{"@type":"WebSite","@id":"https:\/\/www.confluences.be\/#website","url":"https:\/\/www.confluences.be\/","name":"Confluences","description":"Gastenkamers in de Belgische Ardennen","publisher":{"@id":"https:\/\/www.confluences.be\/#organization"},"potentialAction":[{"@type":"SearchAction","target":{"@type":"EntryPoint","urlTemplate":"https:\/\/www.confluences.be\/?s={search_term_string}"},"query-input":{"@type":"PropertyValueSpecification","valueRequired":true,"valueName":"search_term_string"}}],"inLanguage":"nl-NL"},{"@type":"Organization","@id":"https:\/\/www.confluences.be\/#organization","name":"Confluences","url":"https:\/\/www.confluences.be\/","logo":{"@type":"ImageObject","inLanguage":"nl-NL","@id":"https:\/\/www.confluences.be\/#\/schema\/logo\/image\/","url":"","contentUrl":"","caption":"Confluences"},"image":{"@id":"https:\/\/www.confluences.be\/#\/schema\/logo\/image\/"}}]}},"_links":{"self":[{"href":"https:\/\/www.confluences.be\/nl\/wp-json\/wp\/v2\/pages\/8290","targetHints":{"allow":["GET"]}}],"collection":[{"href":"https:\/\/www.confluences.be\/nl\/wp-json\/wp\/v2\/pages"}],"about":[{"href":"https:\/\/www.confluences.be\/nl\/wp-json\/wp\/v2\/types\/page"}],"author":[{"embeddable":true,"href":"https:\/\/www.confluences.be\/nl\/wp-json\/wp\/v2\/users\/1"}],"replies":[{"embeddable":true,"href":"https:\/\/www.confluences.be\/nl\/wp-json\/wp\/v2\/comments?post=8290"}],"version-history":[{"count":1,"href":"https:\/\/www.confluences.be\/nl\/wp-json\/wp\/v2\/pages\/8290\/revisions"}],"predecessor-version":[{"id":8291,"href":"https:\/\/www.confluences.be\/nl\/wp-json\/wp\/v2\/pages\/8290\/revisions\/8291"}],"wp:featuredmedia":[{"embeddable":true,"href":"https:\/\/www.confluences.be\/nl\/wp-json\/wp\/v2\/media\/7288"}],"wp:attachment":[{"href":"https:\/\/www.confluences.be\/nl\/wp-json\/wp\/v2\/media?parent=8290"}],"curies":[{"name":"wp","href":"https:\/\/api.w.org\/{rel}","templated":true}]}}