{"id":8236,"date":"2020-02-05T15:09:26","date_gmt":"2020-02-05T14:09:26","guid":{"rendered":"https:\/\/www.confluences.be\/bed-and-breakfast-ardennen\/charleroi-proximite\/"},"modified":"2020-02-21T16:02:18","modified_gmt":"2020-02-21T15:02:18","slug":"charleroi-nabijheid","status":"publish","type":"page","link":"https:\/\/www.confluences.be\/nl\/bed-and-breakfast-ardennen\/charleroi-nabijheid\/","title":{"rendered":"Charleroi: bed and breakfast in de buurt"},"content":{"rendered":"<section class=\"ffb-id-3obddqj8 fg-section fg-text-dark\"><div class=\"fg-container container fg-container-large fg-container-lvl--1 \"><div class=\"fg-row row    fg-row-match-cols\"  data-fg-match-cols=\"{&quot;1&quot;:&quot;1&quot;,&quot;2&quot;:&quot;1&quot;,&quot;3&quot;:&quot;1&quot;,&quot;4&quot;:&quot;1&quot;}\" ><div class=\"ffb-id-3obddqjc fg-col col-xs-12 col-md-12 fg-text-dark\"><div class=\"fg-match-column-inside-wrapper\"><div class=\"ffb-id-3odio15i fg-paragraph ff-richtext text-left    fg-text-dark\"><\/p>\n<h3><strong>Onze B&amp;B op 20 km van Charleroi<\/strong><\/h3>\n<p>&nbsp;<\/p>\n<p>In de buurt van Charleroi (slechts 25 minuten) bieden ons huisje en onze kamers u alle nodige comfort voor een aangenaam verblijf.<\/p>\n<p>&nbsp;<\/p>\n<p>Op slechts 20 km van Charleroi, maar al in de provincie Namen en dicht bij de Ardennen, bevindt Confluences zich in een oud huis uit de 16e eeuw, binnen de beschermde omtrek van de basiliek van Walcourt en in de onmiddellijke nabijheid van vertrekpunten voor wandelingen en paden grote wandelingen.<\/p>\n<p><\/div><img decoding=\"async\" class=\"ffb-id-3odincld fg-image  img-responsive full-width fg-text-dark\" src=\"https:\/\/www.confluences.be\/wp-content\/uploads\/2013\/11\/charleroi-carte1.jpg\" alt=\"charleroi-carte\"><div class=\"ffb-id-3odj3c2m buttons-el-wrapper text-center    fg-text-dark\"><a href=\"https:\/\/goo.gl\/maps\/1dUyFTHBrqMrcZ698\" target=\"_blank\" class=\"ffb-block-button-1-0 ffb-btn ffb-btn-v1 ffb-btn-link  btn-base-brd-slide btn-slide  btn-base-md    btn-w-auto fg-text-dark ffb-button1-1\"><span class=\"btn-text\">Routebeschrijving met Google Maps<\/span><\/a><\/div><div class=\"ffb-id-3odiroac fg-paragraph ff-richtext text-left    fg-text-dark\"><\/p>\n<h3><strong>Om ons B&amp;B te bereiken vanuit Charleroi :<\/strong><\/h3>\n<p>&nbsp;<\/p>\n<ul>\n<li><strong>Met de trein :<\/strong><br \/>Lijn 132 (Charleroi-Couvin). Uitstappen bij station Walcourt.&nbsp;<\/li>\n<li><strong>Met de auto :&nbsp;<\/strong><br \/>In pas 20-25 minuten via N5 \/ E420 tot in Somz&eacute;e, en dan de N978. <br \/>In Walcourt bevindt ons B&amp;B zich op de Grand-Place, aan de voet van de (van ver zichtbare) basiliek.<\/li>\n<\/ul>\n<p>&nbsp;<\/p>\n<p><\/div><\/div><\/div><\/div><\/div><\/section><style>.ffb-id-3obddqj8 > .fg-container > .fg-row{ margin-left:-25px;margin-right:-25px;}.ffb-id-3obddqj8 > .fg-container  > .fg-row > .fg-col{ padding-left:25px;padding-right:25px}.ffb-id-3obddqj8{ padding-bottom: 30px;}.ffb-id-3odiroac{ font-family: 'Lora', Arial, sans-serif !important;}.ffb-id-3odiroac:before,.ffb-id-3odiroac:after,.ffb-id-3odiroac:hover,.ffb-id-3odiroac:focus,.ffb-id-3odiroac *,.ffb-id-3odiroac *:before,.ffb-id-3odiroac *:after,.ffb-id-3odiroac *:hover,.ffb-id-3odiroac *:focus{ font-family: 'Lora', Arial, sans-serif !important;}.ffb-id-3odj3c2m .ffb-button1-1.ffb-block-button-1-0.btn-base-brd-slide{ color:#ffffff;}.ffb-id-3odj3c2m .ffb-button1-1.ffb-block-button-1-0.btn-base-brd-slide:hover{ color:#ffffff;}.ffb-id-3odj3c2m .ffb-button1-1.ffb-block-button-1-0.btn-base-brd-slide{ border-color: transparent;}.ffb-id-3odj3c2m .ffb-button1-1.ffb-block-button-1-0.btn-base-brd-slide:hover{ border-color: transparent;}.ffb-id-3odj3c2m .ffb-button1-1.ffb-block-button-1-0.btn-base-brd-slide{ background-color:#00bcd4;}.ffb-id-3odj3c2m .ffb-button1-1.ffb-block-button-1-0.btn-base-brd-slide:hover{ background-color:rgba(0, 188, 212, 0.7);}.ffb-id-3odj3c2m{ margin-bottom: 50px;}.ffb-id-3odincld{ margin-bottom: 50px;}.ffb-id-3odio15i{ margin-bottom: 50px;}.ffb-id-3odio15i{ font-family: 'Lora', Arial, sans-serif !important;}.ffb-id-3odio15i:before,.ffb-id-3odio15i:after,.ffb-id-3odio15i:hover,.ffb-id-3odio15i:focus,.ffb-id-3odio15i *,.ffb-id-3odio15i *:before,.ffb-id-3odio15i *:after,.ffb-id-3odio15i *:hover,.ffb-id-3odio15i *:focus{ font-family: 'Lora', Arial, sans-serif !important;}<\/style><script type=\"text\/javascript\"><\/script>\n","protected":false},"excerpt":{"rendered":"","protected":false},"author":1,"featured_media":0,"parent":8204,"menu_order":0,"comment_status":"closed","ping_status":"closed","template":"","meta":{"_acf_changed":false,"footnotes":""},"class_list":["post-8236","page","type-page","status-publish","hentry","post-wrapper"],"acf":[],"yoast_head":"<!-- This site is optimized with the Yoast SEO plugin v27.5 - https:\/\/yoast.com\/product\/yoast-seo-wordpress\/ -->\n<title>H\u00e9bergement Charleroi: G\u00eete et Chambres d&#039;H\u00f4tes - Confluences<\/title>\n<meta name=\"description\" content=\"A proximit\u00e9 de Charleroi: h\u00e9bergement, notre gite et nos chambres d&#039;h\u00f4tes vous procureront tout le confort n\u00e9cessaire pou passer un agr\u00e9able s\u00e9jour.\" \/>\n<meta name=\"robots\" content=\"index, follow, max-snippet:-1, max-image-preview:large, max-video-preview:-1\" \/>\n<link rel=\"canonical\" href=\"https:\/\/www.confluences.be\/nl\/bed-and-breakfast-ardennen\/charleroi-nabijheid\/\" \/>\n<meta property=\"og:locale\" content=\"nl_NL\" \/>\n<meta property=\"og:type\" content=\"article\" \/>\n<meta property=\"og:title\" content=\"H\u00e9bergement Charleroi: G\u00eete et Chambres d&#039;H\u00f4tes - Confluences\" \/>\n<meta property=\"og:description\" content=\"A proximit\u00e9 de Charleroi: h\u00e9bergement, notre gite et nos chambres d&#039;h\u00f4tes vous procureront tout le confort n\u00e9cessaire pou passer un agr\u00e9able s\u00e9jour.\" \/>\n<meta property=\"og:url\" content=\"https:\/\/www.confluences.be\/nl\/bed-and-breakfast-ardennen\/charleroi-nabijheid\/\" \/>\n<meta property=\"og:site_name\" content=\"Confluences\" \/>\n<meta property=\"article:modified_time\" content=\"2020-02-21T15:02:18+00:00\" \/>\n<meta name=\"twitter:card\" content=\"summary_large_image\" \/>\n<meta name=\"twitter:label1\" content=\"Geschatte leestijd\" \/>\n\t<meta name=\"twitter:data1\" content=\"4 minuten\" \/>\n<script type=\"application\/ld+json\" class=\"yoast-schema-graph\">{\"@context\":\"https:\\\/\\\/schema.org\",\"@graph\":[{\"@type\":\"WebPage\",\"@id\":\"https:\\\/\\\/www.confluences.be\\\/nl\\\/bed-and-breakfast-ardennen\\\/charleroi-nabijheid\\\/\",\"url\":\"https:\\\/\\\/www.confluences.be\\\/nl\\\/bed-and-breakfast-ardennen\\\/charleroi-nabijheid\\\/\",\"name\":\"H\u00e9bergement Charleroi: G\u00eete et Chambres d'H\u00f4tes - Confluences\",\"isPartOf\":{\"@id\":\"https:\\\/\\\/www.confluences.be\\\/#website\"},\"datePublished\":\"2020-02-05T14:09:26+00:00\",\"dateModified\":\"2020-02-21T15:02:18+00:00\",\"description\":\"A proximit\u00e9 de Charleroi: h\u00e9bergement, notre gite et nos chambres d'h\u00f4tes vous procureront tout le confort n\u00e9cessaire pou passer un agr\u00e9able s\u00e9jour.\",\"breadcrumb\":{\"@id\":\"https:\\\/\\\/www.confluences.be\\\/nl\\\/bed-and-breakfast-ardennen\\\/charleroi-nabijheid\\\/#breadcrumb\"},\"inLanguage\":\"nl-NL\",\"potentialAction\":[{\"@type\":\"ReadAction\",\"target\":[\"https:\\\/\\\/www.confluences.be\\\/nl\\\/bed-and-breakfast-ardennen\\\/charleroi-nabijheid\\\/\"]}]},{\"@type\":\"BreadcrumbList\",\"@id\":\"https:\\\/\\\/www.confluences.be\\\/nl\\\/bed-and-breakfast-ardennen\\\/charleroi-nabijheid\\\/#breadcrumb\",\"itemListElement\":[{\"@type\":\"ListItem\",\"position\":1,\"name\":\"Accueil\",\"item\":\"https:\\\/\\\/www.confluences.be\\\/nl\\\/\"},{\"@type\":\"ListItem\",\"position\":2,\"name\":\"Bed and Breakfast\",\"item\":\"https:\\\/\\\/www.confluences.be\\\/nl\\\/bed-and-breakfast-ardennen\\\/\"},{\"@type\":\"ListItem\",\"position\":3,\"name\":\"Charleroi: bed and breakfast in de buurt\"}]},{\"@type\":\"WebSite\",\"@id\":\"https:\\\/\\\/www.confluences.be\\\/#website\",\"url\":\"https:\\\/\\\/www.confluences.be\\\/\",\"name\":\"Confluences\",\"description\":\"Gastenkamers in de Belgische Ardennen\",\"publisher\":{\"@id\":\"https:\\\/\\\/www.confluences.be\\\/#organization\"},\"potentialAction\":[{\"@type\":\"SearchAction\",\"target\":{\"@type\":\"EntryPoint\",\"urlTemplate\":\"https:\\\/\\\/www.confluences.be\\\/?s={search_term_string}\"},\"query-input\":{\"@type\":\"PropertyValueSpecification\",\"valueRequired\":true,\"valueName\":\"search_term_string\"}}],\"inLanguage\":\"nl-NL\"},{\"@type\":\"Organization\",\"@id\":\"https:\\\/\\\/www.confluences.be\\\/#organization\",\"name\":\"Confluences\",\"url\":\"https:\\\/\\\/www.confluences.be\\\/\",\"logo\":{\"@type\":\"ImageObject\",\"inLanguage\":\"nl-NL\",\"@id\":\"https:\\\/\\\/www.confluences.be\\\/#\\\/schema\\\/logo\\\/image\\\/\",\"url\":\"\",\"contentUrl\":\"\",\"caption\":\"Confluences\"},\"image\":{\"@id\":\"https:\\\/\\\/www.confluences.be\\\/#\\\/schema\\\/logo\\\/image\\\/\"}}]}<\/script>\n<!-- \/ Yoast SEO plugin. -->","yoast_head_json":{"title":"H\u00e9bergement Charleroi: G\u00eete et Chambres d'H\u00f4tes - Confluences","description":"A proximit\u00e9 de Charleroi: h\u00e9bergement, notre gite et nos chambres d'h\u00f4tes vous procureront tout le confort n\u00e9cessaire pou passer un agr\u00e9able s\u00e9jour.","robots":{"index":"index","follow":"follow","max-snippet":"max-snippet:-1","max-image-preview":"max-image-preview:large","max-video-preview":"max-video-preview:-1"},"canonical":"https:\/\/www.confluences.be\/nl\/bed-and-breakfast-ardennen\/charleroi-nabijheid\/","og_locale":"nl_NL","og_type":"article","og_title":"H\u00e9bergement Charleroi: G\u00eete et Chambres d'H\u00f4tes - Confluences","og_description":"A proximit\u00e9 de Charleroi: h\u00e9bergement, notre gite et nos chambres d'h\u00f4tes vous procureront tout le confort n\u00e9cessaire pou passer un agr\u00e9able s\u00e9jour.","og_url":"https:\/\/www.confluences.be\/nl\/bed-and-breakfast-ardennen\/charleroi-nabijheid\/","og_site_name":"Confluences","article_modified_time":"2020-02-21T15:02:18+00:00","twitter_card":"summary_large_image","twitter_misc":{"Geschatte leestijd":"4 minuten"},"schema":{"@context":"https:\/\/schema.org","@graph":[{"@type":"WebPage","@id":"https:\/\/www.confluences.be\/nl\/bed-and-breakfast-ardennen\/charleroi-nabijheid\/","url":"https:\/\/www.confluences.be\/nl\/bed-and-breakfast-ardennen\/charleroi-nabijheid\/","name":"H\u00e9bergement Charleroi: G\u00eete et Chambres d'H\u00f4tes - Confluences","isPartOf":{"@id":"https:\/\/www.confluences.be\/#website"},"datePublished":"2020-02-05T14:09:26+00:00","dateModified":"2020-02-21T15:02:18+00:00","description":"A proximit\u00e9 de Charleroi: h\u00e9bergement, notre gite et nos chambres d'h\u00f4tes vous procureront tout le confort n\u00e9cessaire pou passer un agr\u00e9able s\u00e9jour.","breadcrumb":{"@id":"https:\/\/www.confluences.be\/nl\/bed-and-breakfast-ardennen\/charleroi-nabijheid\/#breadcrumb"},"inLanguage":"nl-NL","potentialAction":[{"@type":"ReadAction","target":["https:\/\/www.confluences.be\/nl\/bed-and-breakfast-ardennen\/charleroi-nabijheid\/"]}]},{"@type":"BreadcrumbList","@id":"https:\/\/www.confluences.be\/nl\/bed-and-breakfast-ardennen\/charleroi-nabijheid\/#breadcrumb","itemListElement":[{"@type":"ListItem","position":1,"name":"Accueil","item":"https:\/\/www.confluences.be\/nl\/"},{"@type":"ListItem","position":2,"name":"Bed and Breakfast","item":"https:\/\/www.confluences.be\/nl\/bed-and-breakfast-ardennen\/"},{"@type":"ListItem","position":3,"name":"Charleroi: bed and breakfast in de buurt"}]},{"@type":"WebSite","@id":"https:\/\/www.confluences.be\/#website","url":"https:\/\/www.confluences.be\/","name":"Confluences","description":"Gastenkamers in de Belgische Ardennen","publisher":{"@id":"https:\/\/www.confluences.be\/#organization"},"potentialAction":[{"@type":"SearchAction","target":{"@type":"EntryPoint","urlTemplate":"https:\/\/www.confluences.be\/?s={search_term_string}"},"query-input":{"@type":"PropertyValueSpecification","valueRequired":true,"valueName":"search_term_string"}}],"inLanguage":"nl-NL"},{"@type":"Organization","@id":"https:\/\/www.confluences.be\/#organization","name":"Confluences","url":"https:\/\/www.confluences.be\/","logo":{"@type":"ImageObject","inLanguage":"nl-NL","@id":"https:\/\/www.confluences.be\/#\/schema\/logo\/image\/","url":"","contentUrl":"","caption":"Confluences"},"image":{"@id":"https:\/\/www.confluences.be\/#\/schema\/logo\/image\/"}}]}},"_links":{"self":[{"href":"https:\/\/www.confluences.be\/nl\/wp-json\/wp\/v2\/pages\/8236","targetHints":{"allow":["GET"]}}],"collection":[{"href":"https:\/\/www.confluences.be\/nl\/wp-json\/wp\/v2\/pages"}],"about":[{"href":"https:\/\/www.confluences.be\/nl\/wp-json\/wp\/v2\/types\/page"}],"author":[{"embeddable":true,"href":"https:\/\/www.confluences.be\/nl\/wp-json\/wp\/v2\/users\/1"}],"replies":[{"embeddable":true,"href":"https:\/\/www.confluences.be\/nl\/wp-json\/wp\/v2\/comments?post=8236"}],"version-history":[{"count":2,"href":"https:\/\/www.confluences.be\/nl\/wp-json\/wp\/v2\/pages\/8236\/revisions"}],"predecessor-version":[{"id":8238,"href":"https:\/\/www.confluences.be\/nl\/wp-json\/wp\/v2\/pages\/8236\/revisions\/8238"}],"up":[{"embeddable":true,"href":"https:\/\/www.confluences.be\/nl\/wp-json\/wp\/v2\/pages\/8204"}],"wp:attachment":[{"href":"https:\/\/www.confluences.be\/nl\/wp-json\/wp\/v2\/media?parent=8236"}],"curies":[{"name":"wp","href":"https:\/\/api.w.org\/{rel}","templated":true}]}}